{"id":1132,"date":"2023-05-22T20:35:33","date_gmt":"2023-05-22T20:35:33","guid":{"rendered":"https:\/\/www.payactiv.ca\/contact\/"},"modified":"2024-07-18T21:55:25","modified_gmt":"2024-07-18T21:55:25","slug":"contact","status":"publish","type":"page","link":"https:\/\/www.payactiv.ca\/fr\/contact\/","title":{"rendered":"Contact"},"content":{"rendered":"\t\t<div data-elementor-type=\"wp-page\" data-elementor-id=\"1132\" class=\"elementor elementor-1132 elementor-240\" data-elementor-post-type=\"page\">\n\t\t\t\t\t\t<section class=\"elementor-section elementor-top-section elementor-element elementor-element-2365aab elementor-section-boxed elementor-section-height-default elementor-section-height-default\" data-id=\"2365aab\" data-element_type=\"section\">\n\t\t\t\t\t\t<div class=\"elementor-container elementor-column-gap-default\">\n\t\t\t\t\t<div class=\"elementor-column elementor-col-100 elementor-top-column elementor-element elementor-element-d17391c\" data-id=\"d17391c\" data-element_type=\"column\">\n\t\t\t<div class=\"elementor-widget-wrap elementor-element-populated\">\n\t\t\t\t\t\t<div class=\"elementor-element elementor-element-6161332 elementor-widget elementor-widget-heading\" data-id=\"6161332\" data-element_type=\"widget\" data-widget_type=\"heading.default\">\n\t\t\t\t<div class=\"elementor-widget-container\">\n\t\t\t\t\t<h1 class=\"elementor-heading-title elementor-size-default\">Contact<\/h1>\t\t\t\t<\/div>\n\t\t\t\t<\/div>\n\t\t\t\t<div class=\"elementor-element elementor-element-8b4d75f elementor-widget elementor-widget-text-editor\" data-id=\"8b4d75f\" data-element_type=\"widget\" data-widget_type=\"text-editor.default\">\n\t\t\t\t<div class=\"elementor-widget-container\">\n\t\t\t\t\t\t\t\t\t<p>Comment pouvons-nous aider aujourd\u2019hui?<\/p>\n\t\t\t\t\t\t\t\t<\/div>\n\t\t\t\t<\/div>\n\t\t\t\t\t<\/div>\n\t\t<\/div>\n\t\t\t\t\t<\/div>\n\t\t<\/section>\n\t\t\t\t<section class=\"elementor-section elementor-top-section elementor-element elementor-element-4c7bf0a elementor-section-boxed elementor-section-height-default elementor-section-height-default\" data-id=\"4c7bf0a\" data-element_type=\"section\">\n\t\t\t\t\t\t<div class=\"elementor-container elementor-column-gap-default\">\n\t\t\t\t\t<div class=\"elementor-column elementor-col-50 elementor-top-column elementor-element elementor-element-5cebec0\" data-id=\"5cebec0\" data-element_type=\"column\" data-settings=\"{&quot;background_background&quot;:&quot;classic&quot;}\">\n\t\t\t<div class=\"elementor-widget-wrap elementor-element-populated\">\n\t\t\t\t\t\t<div class=\"elementor-element elementor-element-244ad7f elementor-widget elementor-widget-heading\" data-id=\"244ad7f\" data-element_type=\"widget\" data-widget_type=\"heading.default\">\n\t\t\t\t<div class=\"elementor-widget-container\">\n\t\t\t\t\t<h2 class=\"elementor-heading-title elementor-size-default\">J\u2019ai besoin d\u2019aide avec mon compte Payactiv.<\/h2>\t\t\t\t<\/div>\n\t\t\t\t<\/div>\n\t\t\t\t<div class=\"elementor-element elementor-element-8d3d05a elementor-widget elementor-widget-text-editor\" data-id=\"8d3d05a\" data-element_type=\"widget\" data-widget_type=\"text-editor.default\">\n\t\t\t\t<div class=\"elementor-widget-container\">\n\t\t\t\t\t\t\t\t\t<p>Soutien pour l\u2019application Payactiv, les transactions, l\u2019inscription et plus encore<\/p>\n\t\t\t\t\t\t\t\t<\/div>\n\t\t\t\t<\/div>\n\t\t\t\t<div class=\"elementor-element elementor-element-6bc07dc elementor-tablet-align-center elementor-widget elementor-widget-button\" data-id=\"6bc07dc\" data-element_type=\"widget\" data-widget_type=\"button.default\">\n\t\t\t\t<div class=\"elementor-widget-container\">\n\t\t\t\t\t\t\t\t\t<div class=\"elementor-button-wrapper\">\n\t\t\t\t\t<a class=\"elementor-button elementor-button-link elementor-size-sm\" href=\"https:\/\/www.payactiv.ca\/fr\/contacter-le-service-de-soutien\/\">\n\t\t\t\t\t\t<span class=\"elementor-button-content-wrapper\">\n\t\t\t\t\t\t\t\t\t<span class=\"elementor-button-text\">Contacter le service de soutien<\/span>\n\t\t\t\t\t<\/span>\n\t\t\t\t\t<\/a>\n\t\t\t\t<\/div>\n\t\t\t\t\t\t\t\t<\/div>\n\t\t\t\t<\/div>\n\t\t\t\t\t<\/div>\n\t\t<\/div>\n\t\t\t\t<div class=\"elementor-column elementor-col-50 elementor-top-column elementor-element elementor-element-7e4cbf3\" data-id=\"7e4cbf3\" data-element_type=\"column\" data-settings=\"{&quot;background_background&quot;:&quot;classic&quot;}\">\n\t\t\t<div class=\"elementor-widget-wrap elementor-element-populated\">\n\t\t\t\t\t\t<div class=\"elementor-element elementor-element-8942943 elementor-widget elementor-widget-heading\" data-id=\"8942943\" data-element_type=\"widget\" data-widget_type=\"heading.default\">\n\t\t\t\t<div class=\"elementor-widget-container\">\n\t\t\t\t\t<h2 class=\"elementor-heading-title elementor-size-default\">J\u2019aimerais offrir Payactiv \u00e0 mes employ\u00e9s.<\/h2>\t\t\t\t<\/div>\n\t\t\t\t<\/div>\n\t\t\t\t<div class=\"elementor-element elementor-element-87da4cf elementor-widget elementor-widget-text-editor\" data-id=\"87da4cf\" data-element_type=\"widget\" data-widget_type=\"text-editor.default\">\n\t\t\t\t<div class=\"elementor-widget-container\">\n\t\t\t\t\t\t\t\t\t<p>D\u00e9couvrez comment les produits Payactiv aident vos employ\u00e9s et stimulent votre entreprise.<\/p>\n\t\t\t\t\t\t\t\t<\/div>\n\t\t\t\t<\/div>\n\t\t\t\t<div class=\"elementor-element elementor-element-ad3ed35 elementor-tablet-align-center elementor-widget elementor-widget-button\" data-id=\"ad3ed35\" data-element_type=\"widget\" data-widget_type=\"button.default\">\n\t\t\t\t<div class=\"elementor-widget-container\">\n\t\t\t\t\t\t\t\t\t<div class=\"elementor-button-wrapper\">\n\t\t\t\t\t<a class=\"elementor-button elementor-button-link elementor-size-sm\" href=\"https:\/\/www.payactiv.ca\/fr\/contacter-le-service-de-soutien\/\">\n\t\t\t\t\t\t<span class=\"elementor-button-content-wrapper\">\n\t\t\t\t\t\t\t\t\t<span class=\"elementor-button-text\">Contacter le service de soutien aux entreprises<\/span>\n\t\t\t\t\t<\/span>\n\t\t\t\t\t<\/a>\n\t\t\t\t<\/div>\n\t\t\t\t\t\t\t\t<\/div>\n\t\t\t\t<\/div>\n\t\t\t\t\t<\/div>\n\t\t<\/div>\n\t\t\t\t\t<\/div>\n\t\t<\/section>\n\t\t\t\t<section class=\"elementor-section elementor-top-section elementor-element elementor-element-c8af3d7 elementor-section-boxed elementor-section-height-default elementor-section-height-default\" data-id=\"c8af3d7\" data-element_type=\"section\">\n\t\t\t\t\t\t<div class=\"elementor-container elementor-column-gap-default\">\n\t\t\t\t\t<div class=\"elementor-column elementor-col-100 elementor-top-column elementor-element elementor-element-9414656\" data-id=\"9414656\" data-element_type=\"column\">\n\t\t\t<div class=\"elementor-widget-wrap elementor-element-populated\">\n\t\t\t\t\t\t<div class=\"elementor-element elementor-element-5f83927 elementor-widget elementor-widget-text-editor\" data-id=\"5f83927\" data-element_type=\"widget\" data-widget_type=\"text-editor.default\">\n\t\t\t\t<div class=\"elementor-widget-container\">\n\t\t\t\t\t\t\t\t\t<p>Payactiv s\u2019engage fermement \u00e0 promouvoir l\u2019accessibilit\u00e9 de ses services pour les personnes en situation de handicap. Dans le cadre de cet engagement, nous am\u00e9liorons continuellement notre site Web \u2014 <b>www.payactiv.ca<\/b> \u2014 afin qu\u2019il soit aussi accessible que possible pour tous les utilisateurs. Si vous avez des questions ou des probl\u00e8mes concernant l\u2019accessibilit\u00e9 du site Web, ou si vous avez des suggestions sur la fa\u00e7on dont nous pouvons am\u00e9liorer la convivialit\u00e9 ou l\u2019accessibilit\u00e9 du site, veuillez nous envoyer un courriel \u00e0 compliance@payactiv.com ou nous appeler au 1 877 937-6966.<\/p>\n\t\t\t\t\t\t\t\t<\/div>\n\t\t\t\t<\/div>\n\t\t\t\t\t<\/div>\n\t\t<\/div>\n\t\t\t\t\t<\/div>\n\t\t<\/section>\n\t\t\t\t<section class=\"elementor-section elementor-top-section elementor-element elementor-element-fe60c33 elementor-section-boxed elementor-section-height-default elementor-section-height-default\" data-id=\"fe60c33\" data-element_type=\"section\" data-settings=\"{&quot;background_background&quot;:&quot;classic&quot;}\">\n\t\t\t\t\t\t<div class=\"elementor-container elementor-column-gap-default\">\n\t\t\t\t\t<div class=\"elementor-column elementor-col-100 elementor-top-column elementor-element elementor-element-023c551\" data-id=\"023c551\" data-element_type=\"column\">\n\t\t\t<div class=\"elementor-widget-wrap elementor-element-populated\">\n\t\t\t\t\t\t<div class=\"elementor-element elementor-element-7017e31 elementor-widget elementor-widget-heading\" data-id=\"7017e31\" data-element_type=\"widget\" data-widget_type=\"heading.default\">\n\t\t\t\t<div class=\"elementor-widget-container\">\n\t\t\t\t\t<h2 class=\"elementor-heading-title elementor-size-default\">Vous cherchez d\u2019autres r\u00e9ponses?<\/h2>\t\t\t\t<\/div>\n\t\t\t\t<\/div>\n\t\t\t\t<div class=\"elementor-element elementor-element-5877745 elementor-widget elementor-widget-text-editor\" data-id=\"5877745\" data-element_type=\"widget\" data-widget_type=\"text-editor.default\">\n\t\t\t\t<div class=\"elementor-widget-container\">\n\t\t\t\t\t\t\t\t\t<p>Pour obtenir des r\u00e9ponses aux questions courantes concernant les services de Payactiv, consultez notre page FAQ.<\/p>\n\t\t\t\t\t\t\t\t<\/div>\n\t\t\t\t<\/div>\n\t\t\t\t<div class=\"elementor-element elementor-element-b563473 elementor-align-center elementor-widget elementor-widget-button\" data-id=\"b563473\" data-element_type=\"widget\" data-widget_type=\"button.default\">\n\t\t\t\t<div class=\"elementor-widget-container\">\n\t\t\t\t\t\t\t\t\t<div class=\"elementor-button-wrapper\">\n\t\t\t\t\t<a class=\"elementor-button elementor-button-link elementor-size-sm\" href=\"https:\/\/www.payactiv.ca\/fr\/faq\/\">\n\t\t\t\t\t\t<span class=\"elementor-button-content-wrapper\">\n\t\t\t\t\t\t<span class=\"elementor-button-icon\">\n\t\t\t\t<svg aria-hidden=\"true\" class=\"e-font-icon-svg e-fas-arrow-right\" viewBox=\"0 0 448 512\" xmlns=\"http:\/\/www.w3.org\/2000\/svg\"><path d=\"M190.5 66.9l22.2-22.2c9.4-9.4 24.6-9.4 33.9 0L441 239c9.4 9.4 9.4 24.6 0 33.9L246.6 467.3c-9.4 9.4-24.6 9.4-33.9 0l-22.2-22.2c-9.5-9.5-9.3-25 .4-34.3L311.4 296H24c-13.3 0-24-10.7-24-24v-32c0-13.3 10.7-24 24-24h287.4L190.9 101.2c-9.8-9.3-10-24.8-.4-34.3z\"><\/path><\/svg>\t\t\t<\/span>\n\t\t\t\t\t\t\t\t\t<span class=\"elementor-button-text\">Afficher la FAQ<\/span>\n\t\t\t\t\t<\/span>\n\t\t\t\t\t<\/a>\n\t\t\t\t<\/div>\n\t\t\t\t\t\t\t\t<\/div>\n\t\t\t\t<\/div>\n\t\t\t\t\t<\/div>\n\t\t<\/div>\n\t\t\t\t\t<\/div>\n\t\t<\/section>\n\t\t\t\t<\/div>\n\t\t","protected":false},"excerpt":{"rendered":"<p>Contact Comment pouvons-nous aider aujourd\u2019hui? J\u2019ai besoin d\u2019aide avec mon compte Payactiv. Soutien pour l\u2019application Payactiv, les transactions, l\u2019inscription et plus encore Contacter le service de soutien J\u2019aimerais offrir Payactiv \u00e0 mes employ\u00e9s. D\u00e9couvrez comment les produits Payactiv aident vos employ\u00e9s et stimulent votre entreprise. Contacter le service de soutien aux entreprises Payactiv s\u2019engage fermement [&hellip;]<\/p>\n","protected":false},"author":10,"featured_media":1113,"parent":0,"menu_order":0,"comment_status":"closed","ping_status":"closed","template":"","meta":{"footnotes":""},"class_list":["post-1132","page","type-page","status-publish","has-post-thumbnail","hentry"],"yoast_head":"<!-- This site is optimized with the Yoast SEO plugin v26.5 - https:\/\/yoast.com\/wordpress\/plugins\/seo\/ -->\n<title>Contact | Payactiv<\/title>\n<meta name=\"description\" content=\"Contactez Payactiv pour obtenir des informations concernant les prix et le soutien \u00e0 l\u2019accessibilit\u00e9. Contactez-nous pour obtenir de l\u2019aide sur les questions li\u00e9es aux comptes Payactiv ou d\u00e9couvrez comment les produits Payactiv peuvent profiter \u00e0 vos employ\u00e9s et \u00e0 votre entreprise\" \/>\n<meta name=\"robots\" content=\"noindex, follow, max-snippet:-1, max-image-preview:large, max-video-preview:-1\" \/>\n<meta property=\"og:locale\" content=\"fr_FR\" \/>\n<meta property=\"og:type\" content=\"article\" \/>\n<meta property=\"og:title\" content=\"Contact | Payactiv\" \/>\n<meta property=\"og:description\" content=\"Contactez Payactiv pour obtenir des informations concernant les prix et le soutien \u00e0 l\u2019accessibilit\u00e9. Contactez-nous pour obtenir de l\u2019aide sur les questions li\u00e9es aux comptes Payactiv ou d\u00e9couvrez comment les produits Payactiv peuvent profiter \u00e0 vos employ\u00e9s et \u00e0 votre entreprise\" \/>\n<meta property=\"og:url\" content=\"https:\/\/www.payactiv.ca\/fr\/contact\/\" \/>\n<meta property=\"og:site_name\" content=\"Payactiv Canada\" \/>\n<meta property=\"article:publisher\" content=\"https:\/\/www.facebook.com\/payactiv\/\" \/>\n<meta property=\"article:modified_time\" content=\"2024-07-18T21:55:25+00:00\" \/>\n<meta property=\"og:image\" content=\"https:\/\/www.payactiv.ca\/wp-content\/uploads\/2023\/09\/Support.png\" \/>\n\t<meta property=\"og:image:width\" content=\"1200\" \/>\n\t<meta property=\"og:image:height\" content=\"628\" \/>\n\t<meta property=\"og:image:type\" content=\"image\/png\" \/>\n<meta name=\"twitter:card\" content=\"summary_large_image\" \/>\n<meta name=\"twitter:site\" content=\"@PayActiv\" \/>\n<meta name=\"twitter:label1\" content=\"Dur\u00e9e de lecture estim\u00e9e\" \/>\n\t<meta name=\"twitter:data1\" content=\"1 minute\" \/>\n<script type=\"application\/ld+json\" class=\"yoast-schema-graph\">{\"@context\":\"https:\/\/schema.org\",\"@graph\":[{\"@type\":\"WebPage\",\"@id\":\"https:\/\/www.payactiv.ca\/fr\/contact\/\",\"url\":\"https:\/\/www.payactiv.ca\/fr\/contact\/\",\"name\":\"Contact | Payactiv\",\"isPartOf\":{\"@id\":\"https:\/\/www.payactiv.ca\/fr\/#website\"},\"primaryImageOfPage\":{\"@id\":\"https:\/\/www.payactiv.ca\/fr\/contact\/#primaryimage\"},\"image\":{\"@id\":\"https:\/\/www.payactiv.ca\/fr\/contact\/#primaryimage\"},\"thumbnailUrl\":\"https:\/\/www.payactiv.ca\/wp-content\/uploads\/2023\/09\/Support.png\",\"datePublished\":\"2023-05-22T20:35:33+00:00\",\"dateModified\":\"2024-07-18T21:55:25+00:00\",\"description\":\"Contactez Payactiv pour obtenir des informations concernant les prix et le soutien \u00e0 l\u2019accessibilit\u00e9. Contactez-nous pour obtenir de l\u2019aide sur les questions li\u00e9es aux comptes Payactiv ou d\u00e9couvrez comment les produits Payactiv peuvent profiter \u00e0 vos employ\u00e9s et \u00e0 votre entreprise\",\"breadcrumb\":{\"@id\":\"https:\/\/www.payactiv.ca\/fr\/contact\/#breadcrumb\"},\"inLanguage\":\"fr-FR\",\"potentialAction\":[{\"@type\":\"ReadAction\",\"target\":[\"https:\/\/www.payactiv.ca\/fr\/contact\/\"]}]},{\"@type\":\"ImageObject\",\"inLanguage\":\"fr-FR\",\"@id\":\"https:\/\/www.payactiv.ca\/fr\/contact\/#primaryimage\",\"url\":\"https:\/\/www.payactiv.ca\/wp-content\/uploads\/2023\/09\/Support.png\",\"contentUrl\":\"https:\/\/www.payactiv.ca\/wp-content\/uploads\/2023\/09\/Support.png\",\"width\":1200,\"height\":628},{\"@type\":\"BreadcrumbList\",\"@id\":\"https:\/\/www.payactiv.ca\/fr\/contact\/#breadcrumb\",\"itemListElement\":[{\"@type\":\"ListItem\",\"position\":1,\"name\":\"Home\",\"item\":\"https:\/\/www.payactiv.ca\/fr\/page-daccueil\/\"},{\"@type\":\"ListItem\",\"position\":2,\"name\":\"Contact\"}]},{\"@type\":\"WebSite\",\"@id\":\"https:\/\/www.payactiv.ca\/fr\/#website\",\"url\":\"https:\/\/www.payactiv.ca\/fr\/\",\"name\":\"Payactiv Canada\",\"description\":\"Earned Wage Access Solutions and Financial Services\",\"publisher\":{\"@id\":\"https:\/\/www.payactiv.ca\/fr\/#organization\"},\"potentialAction\":[{\"@type\":\"SearchAction\",\"target\":{\"@type\":\"EntryPoint\",\"urlTemplate\":\"https:\/\/www.payactiv.ca\/fr\/?s={search_term_string}\"},\"query-input\":{\"@type\":\"PropertyValueSpecification\",\"valueRequired\":true,\"valueName\":\"search_term_string\"}}],\"inLanguage\":\"fr-FR\"},{\"@type\":\"Organization\",\"@id\":\"https:\/\/www.payactiv.ca\/fr\/#organization\",\"name\":\"Payactiv\",\"url\":\"https:\/\/www.payactiv.ca\/fr\/\",\"logo\":{\"@type\":\"ImageObject\",\"inLanguage\":\"fr-FR\",\"@id\":\"https:\/\/www.payactiv.ca\/fr\/#\/schema\/logo\/image\/\",\"url\":\"https:\/\/www.payactiv.ca\/wp-content\/uploads\/2023\/05\/cropped-Payactiv-logo-RGB_Blue.png\",\"contentUrl\":\"https:\/\/www.payactiv.ca\/wp-content\/uploads\/2023\/05\/cropped-Payactiv-logo-RGB_Blue.png\",\"width\":3808,\"height\":1541,\"caption\":\"Payactiv\"},\"image\":{\"@id\":\"https:\/\/www.payactiv.ca\/fr\/#\/schema\/logo\/image\/\"},\"sameAs\":[\"https:\/\/www.facebook.com\/payactiv\/\",\"https:\/\/x.com\/PayActiv\",\"https:\/\/www.linkedin.com\/company\/payactiv-inc-\",\"https:\/\/www.instagram.com\/payactiv\/\"]}]}<\/script>\n<!-- \/ Yoast SEO plugin. -->","yoast_head_json":{"title":"Contact | Payactiv","description":"Contactez Payactiv pour obtenir des informations concernant les prix et le soutien \u00e0 l\u2019accessibilit\u00e9. Contactez-nous pour obtenir de l\u2019aide sur les questions li\u00e9es aux comptes Payactiv ou d\u00e9couvrez comment les produits Payactiv peuvent profiter \u00e0 vos employ\u00e9s et \u00e0 votre entreprise","robots":{"index":"noindex","follow":"follow","max-snippet":"max-snippet:-1","max-image-preview":"max-image-preview:large","max-video-preview":"max-video-preview:-1"},"og_locale":"fr_FR","og_type":"article","og_title":"Contact | Payactiv","og_description":"Contactez Payactiv pour obtenir des informations concernant les prix et le soutien \u00e0 l\u2019accessibilit\u00e9. Contactez-nous pour obtenir de l\u2019aide sur les questions li\u00e9es aux comptes Payactiv ou d\u00e9couvrez comment les produits Payactiv peuvent profiter \u00e0 vos employ\u00e9s et \u00e0 votre entreprise","og_url":"https:\/\/www.payactiv.ca\/fr\/contact\/","og_site_name":"Payactiv Canada","article_publisher":"https:\/\/www.facebook.com\/payactiv\/","article_modified_time":"2024-07-18T21:55:25+00:00","og_image":[{"width":1200,"height":628,"url":"https:\/\/www.payactiv.ca\/wp-content\/uploads\/2023\/09\/Support.png","type":"image\/png"}],"twitter_card":"summary_large_image","twitter_site":"@PayActiv","twitter_misc":{"Dur\u00e9e de lecture estim\u00e9e":"1 minute"},"schema":{"@context":"https:\/\/schema.org","@graph":[{"@type":"WebPage","@id":"https:\/\/www.payactiv.ca\/fr\/contact\/","url":"https:\/\/www.payactiv.ca\/fr\/contact\/","name":"Contact | Payactiv","isPartOf":{"@id":"https:\/\/www.payactiv.ca\/fr\/#website"},"primaryImageOfPage":{"@id":"https:\/\/www.payactiv.ca\/fr\/contact\/#primaryimage"},"image":{"@id":"https:\/\/www.payactiv.ca\/fr\/contact\/#primaryimage"},"thumbnailUrl":"https:\/\/www.payactiv.ca\/wp-content\/uploads\/2023\/09\/Support.png","datePublished":"2023-05-22T20:35:33+00:00","dateModified":"2024-07-18T21:55:25+00:00","description":"Contactez Payactiv pour obtenir des informations concernant les prix et le soutien \u00e0 l\u2019accessibilit\u00e9. Contactez-nous pour obtenir de l\u2019aide sur les questions li\u00e9es aux comptes Payactiv ou d\u00e9couvrez comment les produits Payactiv peuvent profiter \u00e0 vos employ\u00e9s et \u00e0 votre entreprise","breadcrumb":{"@id":"https:\/\/www.payactiv.ca\/fr\/contact\/#breadcrumb"},"inLanguage":"fr-FR","potentialAction":[{"@type":"ReadAction","target":["https:\/\/www.payactiv.ca\/fr\/contact\/"]}]},{"@type":"ImageObject","inLanguage":"fr-FR","@id":"https:\/\/www.payactiv.ca\/fr\/contact\/#primaryimage","url":"https:\/\/www.payactiv.ca\/wp-content\/uploads\/2023\/09\/Support.png","contentUrl":"https:\/\/www.payactiv.ca\/wp-content\/uploads\/2023\/09\/Support.png","width":1200,"height":628},{"@type":"BreadcrumbList","@id":"https:\/\/www.payactiv.ca\/fr\/contact\/#breadcrumb","itemListElement":[{"@type":"ListItem","position":1,"name":"Home","item":"https:\/\/www.payactiv.ca\/fr\/page-daccueil\/"},{"@type":"ListItem","position":2,"name":"Contact"}]},{"@type":"WebSite","@id":"https:\/\/www.payactiv.ca\/fr\/#website","url":"https:\/\/www.payactiv.ca\/fr\/","name":"Payactiv Canada","description":"Earned Wage Access Solutions and Financial Services","publisher":{"@id":"https:\/\/www.payactiv.ca\/fr\/#organization"},"potentialAction":[{"@type":"SearchAction","target":{"@type":"EntryPoint","urlTemplate":"https:\/\/www.payactiv.ca\/fr\/?s={search_term_string}"},"query-input":{"@type":"PropertyValueSpecification","valueRequired":true,"valueName":"search_term_string"}}],"inLanguage":"fr-FR"},{"@type":"Organization","@id":"https:\/\/www.payactiv.ca\/fr\/#organization","name":"Payactiv","url":"https:\/\/www.payactiv.ca\/fr\/","logo":{"@type":"ImageObject","inLanguage":"fr-FR","@id":"https:\/\/www.payactiv.ca\/fr\/#\/schema\/logo\/image\/","url":"https:\/\/www.payactiv.ca\/wp-content\/uploads\/2023\/05\/cropped-Payactiv-logo-RGB_Blue.png","contentUrl":"https:\/\/www.payactiv.ca\/wp-content\/uploads\/2023\/05\/cropped-Payactiv-logo-RGB_Blue.png","width":3808,"height":1541,"caption":"Payactiv"},"image":{"@id":"https:\/\/www.payactiv.ca\/fr\/#\/schema\/logo\/image\/"},"sameAs":["https:\/\/www.facebook.com\/payactiv\/","https:\/\/x.com\/PayActiv","https:\/\/www.linkedin.com\/company\/payactiv-inc-","https:\/\/www.instagram.com\/payactiv\/"]}]}},"_links":{"self":[{"href":"https:\/\/www.payactiv.ca\/fr\/wp-json\/wp\/v2\/pages\/1132","targetHints":{"allow":["GET"]}}],"collection":[{"href":"https:\/\/www.payactiv.ca\/fr\/wp-json\/wp\/v2\/pages"}],"about":[{"href":"https:\/\/www.payactiv.ca\/fr\/wp-json\/wp\/v2\/types\/page"}],"author":[{"embeddable":true,"href":"https:\/\/www.payactiv.ca\/fr\/wp-json\/wp\/v2\/users\/10"}],"replies":[{"embeddable":true,"href":"https:\/\/www.payactiv.ca\/fr\/wp-json\/wp\/v2\/comments?post=1132"}],"version-history":[{"count":0,"href":"https:\/\/www.payactiv.ca\/fr\/wp-json\/wp\/v2\/pages\/1132\/revisions"}],"wp:featuredmedia":[{"embeddable":true,"href":"https:\/\/www.payactiv.ca\/fr\/wp-json\/wp\/v2\/media\/1113"}],"wp:attachment":[{"href":"https:\/\/www.payactiv.ca\/fr\/wp-json\/wp\/v2\/media?parent=1132"}],"curies":[{"name":"wp","href":"https:\/\/api.w.org\/{rel}","templated":true}]}}