{"id":1146,"date":"2023-05-26T16:47:37","date_gmt":"2023-05-26T16:47:37","guid":{"rendered":"https:\/\/www.payactiv.ca\/contacter-le-service-de-soutien\/"},"modified":"2024-06-17T04:30:54","modified_gmt":"2024-06-17T04:30:54","slug":"contacter-le-service-de-soutien","status":"publish","type":"page","link":"https:\/\/www.payactiv.ca\/fr\/contacter-le-service-de-soutien\/","title":{"rendered":"Contacter le service de soutien"},"content":{"rendered":"\t\t<div data-elementor-type=\"wp-page\" data-elementor-id=\"1146\" class=\"elementor elementor-1146 elementor-251\" data-elementor-post-type=\"page\">\n\t\t\t\t\t\t<section class=\"elementor-section elementor-top-section elementor-element elementor-element-1b7ae54 elementor-section-boxed elementor-section-height-default elementor-section-height-default\" data-id=\"1b7ae54\" data-element_type=\"section\">\n\t\t\t\t\t\t<div class=\"elementor-container elementor-column-gap-default\">\n\t\t\t\t\t<div class=\"elementor-column elementor-col-100 elementor-top-column elementor-element elementor-element-2c2275f\" data-id=\"2c2275f\" data-element_type=\"column\">\n\t\t\t<div class=\"elementor-widget-wrap elementor-element-populated\">\n\t\t\t\t\t\t<div class=\"elementor-element elementor-element-72da028 elementor-widget elementor-widget-heading\" data-id=\"72da028\" data-element_type=\"widget\" data-widget_type=\"heading.default\">\n\t\t\t\t<div class=\"elementor-widget-container\">\n\t\t\t\t\t<h1 class=\"elementor-heading-title elementor-size-default\">Payactiv Contacter l'assistance<\/h1>\t\t\t\t<\/div>\n\t\t\t\t<\/div>\n\t\t\t\t<section class=\"elementor-section elementor-inner-section elementor-element elementor-element-b29721d elementor-section-boxed elementor-section-height-default elementor-section-height-default\" data-id=\"b29721d\" data-element_type=\"section\">\n\t\t\t\t\t\t<div class=\"elementor-container elementor-column-gap-default\">\n\t\t\t\t\t<div class=\"elementor-column elementor-col-50 elementor-inner-column elementor-element elementor-element-6603414\" data-id=\"6603414\" data-element_type=\"column\">\n\t\t\t<div class=\"elementor-widget-wrap elementor-element-populated\">\n\t\t\t\t\t\t<div class=\"elementor-element elementor-element-b019a8c elementor-widget elementor-widget-heading\" data-id=\"b019a8c\" data-element_type=\"widget\" data-widget_type=\"heading.default\">\n\t\t\t\t<div class=\"elementor-widget-container\">\n\t\t\t\t\t<h2 class=\"elementor-heading-title elementor-size-default\">Ouvrez un ticket d'assistance aupr\u00e8s de notre \u00e9quipe d'assistance<\/h2>\t\t\t\t<\/div>\n\t\t\t\t<\/div>\n\t\t\t\t<div class=\"elementor-element elementor-element-9d2bfe9 elementor-widget elementor-widget-text-editor\" data-id=\"9d2bfe9\" data-element_type=\"widget\" data-widget_type=\"text-editor.default\">\n\t\t\t\t<div class=\"elementor-widget-container\">\n\t\t\t\t\t\t\t\t\t<p>Veuillez remplir le formulaire ci-dessous et un membre de notre \u00e9quipe d&rsquo;assistance communiquera avec vous sous peu. <\/p>\n\t\t\t\t\t\t\t\t<\/div>\n\t\t\t\t<\/div>\n\t\t\t\t<div class=\"elementor-element elementor-element-06a1ebc elementor-widget elementor-widget-shortcode\" data-id=\"06a1ebc\" data-element_type=\"widget\" data-widget_type=\"shortcode.default\">\n\t\t\t\t<div class=\"elementor-widget-container\">\n\t\t\t\t\t\t\t<div class=\"elementor-shortcode\"><div class=\"salesforce_w2l_lead sf_one_column\"><form id=\"sf_form_salesforce_w2l_lead_1\" class=\"w2llead top-aligned\" method=\"post\" action=\"#sf_form_salesforce_w2l_lead_1\"><div class=\"sf_field sf_field_name sf_type_text\">\t<label class=\"w2llabel required  text\" for=\"sf_name\">Name <sup><span class=\"required\">*<\/span><\/sup><\/label>\t<input type=\"text\" placeholder=\"\" value=\"\" id=\"sf_name\" class=\"w2linput text\" name=\"sf_name\"  \/><div class=\"clearfix\"><\/div><\/div><div class=\"sf_field sf_field_email sf_type_email\">\t<label class=\"w2llabel required  email\" for=\"sf_email\">Email <sup><span class=\"required\">*<\/span><\/sup><\/label>\t<input type=\"email\" placeholder=\"\" value=\"\" id=\"sf_email\" class=\"w2linput text\" name=\"email\"  \/><div class=\"clearfix\"><\/div><\/div><div class=\"sf_field sf_field_phone sf_type_text\">\t<label class=\"w2llabel   text\" for=\"sf_phone\">Phone<\/label>\t<input type=\"text\" placeholder=\"\" value=\"\" id=\"sf_phone\" class=\"w2linput text\" name=\"phone\"  \/><div class=\"clearfix\"><\/div><\/div><div class=\"sf_field sf_field_description sf_type_textarea\">\t<label class=\"w2llabel required  textarea\" for=\"sf_description\">Message <sup><span class=\"required\">*<\/span><\/sup><\/label>\t\t<textarea id=\"sf_description\" class=\"w2linput textarea\" name=\"description\" placeholder=\"\"><\/textarea><div class=\"clearfix\"><\/div><\/div>\t\t<input type=\"hidden\" id=\"sf_00N8W00000PXEVm\" class=\"w2linput hidden\" name=\"00N8W00000PXEVm\" value=\"https:\/\/www.payactiv.ca\/help\/\" \/>\t\t<input type=\"hidden\" id=\"sf_00N8W00000PXEVw\" class=\"w2linput hidden\" name=\"00N8W00000PXEVw\" value=\"Canada\" \/>\t<input type=\"text\" name=\"message\" class=\"w2linput\" value=\"\" style=\"display: none;\" \/>\t<input type=\"hidden\" name=\"form_id\" class=\"w2linput\" value=\"1\" \/>\t<div class=\"w2lsubmit\"><input type=\"submit\" name=\"w2lsubmit\" class=\"w2linput submit\" value=\"Submit\" \/><\/div><\/form><p class=\"sf_required_fields_msg\" id=\"requiredfieldsmsg\"><sup><span class=\"required\">*<\/span><\/sup> These fields are required.<\/p><\/div><\/div>\n\t\t\t\t\t\t<\/div>\n\t\t\t\t<\/div>\n\t\t\t\t<div class=\"elementor-element elementor-element-c2129a9 elementor-widget elementor-widget-html\" data-id=\"c2129a9\" data-element_type=\"widget\" data-widget_type=\"html.default\">\n\t\t\t\t<div class=\"elementor-widget-container\">\n\t\t\t\t\t<style>.salesforce_w2l_lead .required {\n    font-weight: normal!important;\n    color: inherit;\n}\n.salesforce_w2l_lead .w2linput.text, .salesforce_w2l_lead .w2linput.textarea {\nwidth: 100% !important;\nbackground: #F5F9FF;\nborder-radius: 8px;\nborder: 1px solid #cbd6e2;\npadding: 10px 15px;\nfont-size: 16px;\nline-height: 22px;\ncolor: #576E8C;\n}\n\n.salesforce_w2l_lead .w2linput.submit {\n    float: none;\n    margin: .75em 0 0 0;\n    clear: both;\n    background: #0097FB;\n    border-color: #0097FB;\n    box-shadow: 0px 4px 12px rgba(0, 0, 0, 0.1);\n    border-radius: 8px;\n    width: 200px;\n}\n\n.salesforce_w2l_lead input[type=text]:focus, input[type=password]:focus, input[type=email]:focus, input[type=url]:focus, input[type=date]:focus, textarea:focus, .widget_search form.focus {\n    border-color: #0063D1;\n}\n\n.salesforce_w2l_lead input[type=button]:hover, input[type=submit]:hover, a.button:hover, .button:hover, .button.submit, a.button.white:hover, .button.white:hover, a.button.white:active, .button.white:active, .black_bg input[type=submit], body.learnpress-page #page-content-wrapper .lp-button:hover, .learnpress-page #learn-press-profile-basic-information button:hover, .learnpress-page #profile-content-settings form button[type=submit]:hover, button:hover, .woocommerce #respond input#submit:hover {\n    color: #FFF;\n}\n\n.salesforce_w2l_lead .sf_field, .sf_type_checkbox {\n    margin-bottom: 15px;\n}\n\n@media only screen and (max-width: 767px){\n    .salesforce_w2l_lead .w2linput.submit {\n    width: 100%\n}\n}\n<\/style>\t\t\t\t<\/div>\n\t\t\t\t<\/div>\n\t\t\t\t\t<\/div>\n\t\t<\/div>\n\t\t\t\t<div class=\"elementor-column elementor-col-50 elementor-inner-column elementor-element elementor-element-ce2699b\" data-id=\"ce2699b\" data-element_type=\"column\" data-settings=\"{&quot;background_background&quot;:&quot;classic&quot;}\">\n\t\t\t<div class=\"elementor-widget-wrap elementor-element-populated\">\n\t\t\t\t\t\t<div class=\"elementor-element elementor-element-509cba2 elementor-widget elementor-widget-heading\" data-id=\"509cba2\" data-element_type=\"widget\" data-widget_type=\"heading.default\">\n\t\t\t\t<div class=\"elementor-widget-container\">\n\t\t\t\t\t<h2 class=\"elementor-heading-title elementor-size-default\">Obtenez de l'assistance en direct<\/h2>\t\t\t\t<\/div>\n\t\t\t\t<\/div>\n\t\t\t\t<div class=\"elementor-element elementor-element-8c39a22 elementor-widget elementor-widget-text-editor\" data-id=\"8c39a22\" data-element_type=\"widget\" data-widget_type=\"text-editor.default\">\n\t\t\t\t<div class=\"elementor-widget-container\">\n\t\t\t\t\t\t\t\t\t<div style=\"margin-bottom: 20px;\">\n<div style=\"margin-bottom: 20px;\"><b>Envoyez-nous un courriel<br \/><\/b>support@payactiv.ca<\/div>\n<\/div>\n<div><b>Appelez-nous sans frais<\/b><\/div>\n<div style=\"margin-bottom: 20px;\">\n<div style=\"margin-bottom: 20px;\">+1 807 808 6640<\/div>\n<div style=\"margin-bottom: 20px;\">Payactiv<br \/><span style=\"color: var( --e-global-color-text );\">4145 N Service Road, Suite 200<br \/>Burlington, ON, 7L7 6A3<\/span><\/div>\n<\/div>\n\t\t\t\t\t\t\t\t<\/div>\n\t\t\t\t<\/div>\n\t\t\t\t<div class=\"elementor-element elementor-element-2e16e32 elementor-widget elementor-widget-heading\" data-id=\"2e16e32\" data-element_type=\"widget\" data-widget_type=\"heading.default\">\n\t\t\t\t<div class=\"elementor-widget-container\">\n\t\t\t\t\t<h3 class=\"elementor-heading-title elementor-size-default\">Consultez notre FAQ pour obtenir des r\u00e9ponses aux questions courantes<\/h3>\t\t\t\t<\/div>\n\t\t\t\t<\/div>\n\t\t\t\t<div class=\"elementor-element elementor-element-196f825 elementor-align-left elementor-widget elementor-widget-button\" data-id=\"196f825\" data-element_type=\"widget\" data-widget_type=\"button.default\">\n\t\t\t\t<div class=\"elementor-widget-container\">\n\t\t\t\t\t\t\t\t\t<div class=\"elementor-button-wrapper\">\n\t\t\t\t\t<a class=\"elementor-button elementor-button-link elementor-size-sm\" href=\"https:\/\/www.payactiv.ca\/fr\/faq\/\">\n\t\t\t\t\t\t<span class=\"elementor-button-content-wrapper\">\n\t\t\t\t\t\t<span class=\"elementor-button-icon\">\n\t\t\t\t<svg aria-hidden=\"true\" class=\"e-font-icon-svg e-fas-arrow-right\" viewBox=\"0 0 448 512\" xmlns=\"http:\/\/www.w3.org\/2000\/svg\"><path d=\"M190.5 66.9l22.2-22.2c9.4-9.4 24.6-9.4 33.9 0L441 239c9.4 9.4 9.4 24.6 0 33.9L246.6 467.3c-9.4 9.4-24.6 9.4-33.9 0l-22.2-22.2c-9.5-9.5-9.3-25 .4-34.3L311.4 296H24c-13.3 0-24-10.7-24-24v-32c0-13.3 10.7-24 24-24h287.4L190.9 101.2c-9.8-9.3-10-24.8-.4-34.3z\"><\/path><\/svg>\t\t\t<\/span>\n\t\t\t\t\t\t\t\t\t<span class=\"elementor-button-text\">Afficher la FAQ<\/span>\n\t\t\t\t\t<\/span>\n\t\t\t\t\t<\/a>\n\t\t\t\t<\/div>\n\t\t\t\t\t\t\t\t<\/div>\n\t\t\t\t<\/div>\n\t\t\t\t\t<\/div>\n\t\t<\/div>\n\t\t\t\t\t<\/div>\n\t\t<\/section>\n\t\t\t\t\t<\/div>\n\t\t<\/div>\n\t\t\t\t\t<\/div>\n\t\t<\/section>\n\t\t\t\t<\/div>\n\t\t","protected":false},"excerpt":{"rendered":"<p>Payactiv Contacter l&rsquo;assistance Ouvrez un ticket d&rsquo;assistance aupr\u00e8s de notre \u00e9quipe d&rsquo;assistance Veuillez remplir le formulaire ci-dessous et un membre de notre \u00e9quipe d&rsquo;assistance communiquera avec vous sous peu. Obtenez de l&rsquo;assistance en direct Envoyez-nous un courrielsupport@payactiv.ca Appelez-nous sans frais +1 807 808 6640 Payactiv4145 N Service Road, Suite 200Burlington, ON, 7L7 6A3 Consultez notre [&hellip;]<\/p>\n","protected":false},"author":2,"featured_media":0,"parent":0,"menu_order":0,"comment_status":"closed","ping_status":"closed","template":"","meta":{"footnotes":""},"class_list":["post-1146","page","type-page","status-publish","hentry"],"yoast_head":"<!-- This site is optimized with the Yoast SEO plugin v26.5 - https:\/\/yoast.com\/wordpress\/plugins\/seo\/ -->\n<title>Contacter l&#039;assistance Payactiv<\/title>\n<meta name=\"description\" content=\"Vous avez des questions sur les prix de Payactiv? Communiquez avec l&#039;\u00e9quipe d&#039;assistance Payactiv d\u00e8s aujourd&#039;hui. Ouvrez un ticket d&#039;assistance et nous vous r\u00e9pondrons rapidement pour r\u00e9pondre \u00e0 vos demandes de prix et vous fournir les informations dont vous avez besoin.\" \/>\n<meta name=\"robots\" content=\"noindex, follow, max-snippet:-1, max-image-preview:large, max-video-preview:-1\" \/>\n<meta property=\"og:locale\" content=\"fr_FR\" \/>\n<meta property=\"og:type\" content=\"article\" \/>\n<meta property=\"og:title\" content=\"Contacter l&#039;assistance Payactiv\" \/>\n<meta property=\"og:description\" content=\"Vous avez des questions sur les prix de Payactiv? Communiquez avec l&#039;\u00e9quipe d&#039;assistance Payactiv d\u00e8s aujourd&#039;hui. Ouvrez un ticket d&#039;assistance et nous vous r\u00e9pondrons rapidement pour r\u00e9pondre \u00e0 vos demandes de prix et vous fournir les informations dont vous avez besoin.\" \/>\n<meta property=\"og:url\" content=\"https:\/\/www.payactiv.ca\/fr\/contacter-le-service-de-soutien\/\" \/>\n<meta property=\"og:site_name\" content=\"Payactiv Canada\" \/>\n<meta property=\"article:publisher\" content=\"https:\/\/www.facebook.com\/payactiv\/\" \/>\n<meta property=\"article:modified_time\" content=\"2024-06-17T04:30:54+00:00\" \/>\n<meta property=\"og:image\" content=\"https:\/\/www.payactiv.ca\/wp-content\/uploads\/2023\/09\/Payactiv-CA-1.png\" \/>\n\t<meta property=\"og:image:width\" content=\"1200\" \/>\n\t<meta property=\"og:image:height\" content=\"628\" \/>\n\t<meta property=\"og:image:type\" content=\"image\/png\" \/>\n<meta name=\"twitter:card\" content=\"summary_large_image\" \/>\n<meta name=\"twitter:site\" content=\"@PayActiv\" \/>\n<script type=\"application\/ld+json\" class=\"yoast-schema-graph\">{\"@context\":\"https:\/\/schema.org\",\"@graph\":[{\"@type\":\"WebPage\",\"@id\":\"https:\/\/www.payactiv.ca\/fr\/contacter-le-service-de-soutien\/\",\"url\":\"https:\/\/www.payactiv.ca\/fr\/contacter-le-service-de-soutien\/\",\"name\":\"Contacter l'assistance Payactiv\",\"isPartOf\":{\"@id\":\"https:\/\/www.payactiv.ca\/fr\/#website\"},\"datePublished\":\"2023-05-26T16:47:37+00:00\",\"dateModified\":\"2024-06-17T04:30:54+00:00\",\"description\":\"Vous avez des questions sur les prix de Payactiv? Communiquez avec l'\u00e9quipe d'assistance Payactiv d\u00e8s aujourd'hui. Ouvrez un ticket d'assistance et nous vous r\u00e9pondrons rapidement pour r\u00e9pondre \u00e0 vos demandes de prix et vous fournir les informations dont vous avez besoin.\",\"breadcrumb\":{\"@id\":\"https:\/\/www.payactiv.ca\/fr\/contacter-le-service-de-soutien\/#breadcrumb\"},\"inLanguage\":\"fr-FR\",\"potentialAction\":[{\"@type\":\"ReadAction\",\"target\":[\"https:\/\/www.payactiv.ca\/fr\/contacter-le-service-de-soutien\/\"]}]},{\"@type\":\"BreadcrumbList\",\"@id\":\"https:\/\/www.payactiv.ca\/fr\/contacter-le-service-de-soutien\/#breadcrumb\",\"itemListElement\":[{\"@type\":\"ListItem\",\"position\":1,\"name\":\"Home\",\"item\":\"https:\/\/www.payactiv.ca\/fr\/page-daccueil\/\"},{\"@type\":\"ListItem\",\"position\":2,\"name\":\"Contacter le service de soutien\"}]},{\"@type\":\"WebSite\",\"@id\":\"https:\/\/www.payactiv.ca\/fr\/#website\",\"url\":\"https:\/\/www.payactiv.ca\/fr\/\",\"name\":\"Payactiv Canada\",\"description\":\"Earned Wage Access Solutions and Financial Services\",\"publisher\":{\"@id\":\"https:\/\/www.payactiv.ca\/fr\/#organization\"},\"potentialAction\":[{\"@type\":\"SearchAction\",\"target\":{\"@type\":\"EntryPoint\",\"urlTemplate\":\"https:\/\/www.payactiv.ca\/fr\/?s={search_term_string}\"},\"query-input\":{\"@type\":\"PropertyValueSpecification\",\"valueRequired\":true,\"valueName\":\"search_term_string\"}}],\"inLanguage\":\"fr-FR\"},{\"@type\":\"Organization\",\"@id\":\"https:\/\/www.payactiv.ca\/fr\/#organization\",\"name\":\"Payactiv\",\"url\":\"https:\/\/www.payactiv.ca\/fr\/\",\"logo\":{\"@type\":\"ImageObject\",\"inLanguage\":\"fr-FR\",\"@id\":\"https:\/\/www.payactiv.ca\/fr\/#\/schema\/logo\/image\/\",\"url\":\"https:\/\/www.payactiv.ca\/wp-content\/uploads\/2023\/05\/cropped-Payactiv-logo-RGB_Blue.png\",\"contentUrl\":\"https:\/\/www.payactiv.ca\/wp-content\/uploads\/2023\/05\/cropped-Payactiv-logo-RGB_Blue.png\",\"width\":3808,\"height\":1541,\"caption\":\"Payactiv\"},\"image\":{\"@id\":\"https:\/\/www.payactiv.ca\/fr\/#\/schema\/logo\/image\/\"},\"sameAs\":[\"https:\/\/www.facebook.com\/payactiv\/\",\"https:\/\/x.com\/PayActiv\",\"https:\/\/www.linkedin.com\/company\/payactiv-inc-\",\"https:\/\/www.instagram.com\/payactiv\/\"]}]}<\/script>\n<!-- \/ Yoast SEO plugin. -->","yoast_head_json":{"title":"Contacter l'assistance Payactiv","description":"Vous avez des questions sur les prix de Payactiv? Communiquez avec l'\u00e9quipe d'assistance Payactiv d\u00e8s aujourd'hui. Ouvrez un ticket d'assistance et nous vous r\u00e9pondrons rapidement pour r\u00e9pondre \u00e0 vos demandes de prix et vous fournir les informations dont vous avez besoin.","robots":{"index":"noindex","follow":"follow","max-snippet":"max-snippet:-1","max-image-preview":"max-image-preview:large","max-video-preview":"max-video-preview:-1"},"og_locale":"fr_FR","og_type":"article","og_title":"Contacter l'assistance Payactiv","og_description":"Vous avez des questions sur les prix de Payactiv? Communiquez avec l'\u00e9quipe d'assistance Payactiv d\u00e8s aujourd'hui. Ouvrez un ticket d'assistance et nous vous r\u00e9pondrons rapidement pour r\u00e9pondre \u00e0 vos demandes de prix et vous fournir les informations dont vous avez besoin.","og_url":"https:\/\/www.payactiv.ca\/fr\/contacter-le-service-de-soutien\/","og_site_name":"Payactiv Canada","article_publisher":"https:\/\/www.facebook.com\/payactiv\/","article_modified_time":"2024-06-17T04:30:54+00:00","og_image":[{"width":1200,"height":628,"url":"https:\/\/www.payactiv.ca\/wp-content\/uploads\/2023\/09\/Payactiv-CA-1.png","type":"image\/png"}],"twitter_card":"summary_large_image","twitter_site":"@PayActiv","schema":{"@context":"https:\/\/schema.org","@graph":[{"@type":"WebPage","@id":"https:\/\/www.payactiv.ca\/fr\/contacter-le-service-de-soutien\/","url":"https:\/\/www.payactiv.ca\/fr\/contacter-le-service-de-soutien\/","name":"Contacter l'assistance Payactiv","isPartOf":{"@id":"https:\/\/www.payactiv.ca\/fr\/#website"},"datePublished":"2023-05-26T16:47:37+00:00","dateModified":"2024-06-17T04:30:54+00:00","description":"Vous avez des questions sur les prix de Payactiv? Communiquez avec l'\u00e9quipe d'assistance Payactiv d\u00e8s aujourd'hui. Ouvrez un ticket d'assistance et nous vous r\u00e9pondrons rapidement pour r\u00e9pondre \u00e0 vos demandes de prix et vous fournir les informations dont vous avez besoin.","breadcrumb":{"@id":"https:\/\/www.payactiv.ca\/fr\/contacter-le-service-de-soutien\/#breadcrumb"},"inLanguage":"fr-FR","potentialAction":[{"@type":"ReadAction","target":["https:\/\/www.payactiv.ca\/fr\/contacter-le-service-de-soutien\/"]}]},{"@type":"BreadcrumbList","@id":"https:\/\/www.payactiv.ca\/fr\/contacter-le-service-de-soutien\/#breadcrumb","itemListElement":[{"@type":"ListItem","position":1,"name":"Home","item":"https:\/\/www.payactiv.ca\/fr\/page-daccueil\/"},{"@type":"ListItem","position":2,"name":"Contacter le service de soutien"}]},{"@type":"WebSite","@id":"https:\/\/www.payactiv.ca\/fr\/#website","url":"https:\/\/www.payactiv.ca\/fr\/","name":"Payactiv Canada","description":"Earned Wage Access Solutions and Financial Services","publisher":{"@id":"https:\/\/www.payactiv.ca\/fr\/#organization"},"potentialAction":[{"@type":"SearchAction","target":{"@type":"EntryPoint","urlTemplate":"https:\/\/www.payactiv.ca\/fr\/?s={search_term_string}"},"query-input":{"@type":"PropertyValueSpecification","valueRequired":true,"valueName":"search_term_string"}}],"inLanguage":"fr-FR"},{"@type":"Organization","@id":"https:\/\/www.payactiv.ca\/fr\/#organization","name":"Payactiv","url":"https:\/\/www.payactiv.ca\/fr\/","logo":{"@type":"ImageObject","inLanguage":"fr-FR","@id":"https:\/\/www.payactiv.ca\/fr\/#\/schema\/logo\/image\/","url":"https:\/\/www.payactiv.ca\/wp-content\/uploads\/2023\/05\/cropped-Payactiv-logo-RGB_Blue.png","contentUrl":"https:\/\/www.payactiv.ca\/wp-content\/uploads\/2023\/05\/cropped-Payactiv-logo-RGB_Blue.png","width":3808,"height":1541,"caption":"Payactiv"},"image":{"@id":"https:\/\/www.payactiv.ca\/fr\/#\/schema\/logo\/image\/"},"sameAs":["https:\/\/www.facebook.com\/payactiv\/","https:\/\/x.com\/PayActiv","https:\/\/www.linkedin.com\/company\/payactiv-inc-","https:\/\/www.instagram.com\/payactiv\/"]}]}},"_links":{"self":[{"href":"https:\/\/www.payactiv.ca\/fr\/wp-json\/wp\/v2\/pages\/1146","targetHints":{"allow":["GET"]}}],"collection":[{"href":"https:\/\/www.payactiv.ca\/fr\/wp-json\/wp\/v2\/pages"}],"about":[{"href":"https:\/\/www.payactiv.ca\/fr\/wp-json\/wp\/v2\/types\/page"}],"author":[{"embeddable":true,"href":"https:\/\/www.payactiv.ca\/fr\/wp-json\/wp\/v2\/users\/2"}],"replies":[{"embeddable":true,"href":"https:\/\/www.payactiv.ca\/fr\/wp-json\/wp\/v2\/comments?post=1146"}],"version-history":[{"count":0,"href":"https:\/\/www.payactiv.ca\/fr\/wp-json\/wp\/v2\/pages\/1146\/revisions"}],"wp:attachment":[{"href":"https:\/\/www.payactiv.ca\/fr\/wp-json\/wp\/v2\/media?parent=1146"}],"curies":[{"name":"wp","href":"https:\/\/api.w.org\/{rel}","templated":true}]}}