{"id":1155,"date":"2023-08-11T18:13:22","date_gmt":"2023-08-11T18:13:22","guid":{"rendered":"https:\/\/www.payactiv.ca\/ukg-wallet\/ukg-contactez-le-service-des-ventes\/"},"modified":"2024-06-17T04:57:17","modified_gmt":"2024-06-17T04:57:17","slug":"ukg-contactez-le-service-des-ventes","status":"publish","type":"page","link":"https:\/\/www.payactiv.ca\/fr\/ukg-wallet\/ukg-contactez-le-service-des-ventes\/","title":{"rendered":"UKG &#8211; Contactez le service des ventes"},"content":{"rendered":"\t\t<div data-elementor-type=\"wp-page\" data-elementor-id=\"1155\" class=\"elementor elementor-1155 elementor-592\" data-elementor-post-type=\"page\">\n\t\t\t\t\t\t<section class=\"elementor-section elementor-top-section elementor-element elementor-element-1b7ae54 elementor-section-boxed elementor-section-height-default elementor-section-height-default\" data-id=\"1b7ae54\" data-element_type=\"section\">\n\t\t\t\t\t\t<div class=\"elementor-container elementor-column-gap-default\">\n\t\t\t\t\t<div class=\"elementor-column elementor-col-100 elementor-top-column elementor-element elementor-element-2c2275f\" data-id=\"2c2275f\" data-element_type=\"column\">\n\t\t\t<div class=\"elementor-widget-wrap elementor-element-populated\">\n\t\t\t\t\t\t<div class=\"elementor-element elementor-element-72da028 elementor-widget elementor-widget-heading\" data-id=\"72da028\" data-element_type=\"widget\" data-widget_type=\"heading.default\">\n\t\t\t\t<div class=\"elementor-widget-container\">\n\t\t\t\t\t<h1 class=\"elementor-heading-title elementor-size-default\">Contactez le service des ventes : Solutions UKG Wallet pour votre entreprise<\/h1>\t\t\t\t<\/div>\n\t\t\t\t<\/div>\n\t\t\t\t<section class=\"elementor-section elementor-inner-section elementor-element elementor-element-b29721d elementor-section-boxed elementor-section-height-default elementor-section-height-default\" data-id=\"b29721d\" data-element_type=\"section\">\n\t\t\t\t\t\t<div class=\"elementor-container elementor-column-gap-default\">\n\t\t\t\t\t<div class=\"elementor-column elementor-col-50 elementor-inner-column elementor-element elementor-element-6603414\" data-id=\"6603414\" data-element_type=\"column\">\n\t\t\t<div class=\"elementor-widget-wrap elementor-element-populated\">\n\t\t\t\t\t\t<div class=\"elementor-element elementor-element-b019a8c elementor-widget elementor-widget-heading\" data-id=\"b019a8c\" data-element_type=\"widget\" data-widget_type=\"heading.default\">\n\t\t\t\t<div class=\"elementor-widget-container\">\n\t\t\t\t\t<h2 class=\"elementor-heading-title elementor-size-default\">Parlez-nous de vous<\/h2>\t\t\t\t<\/div>\n\t\t\t\t<\/div>\n\t\t\t\t<div class=\"elementor-element elementor-element-9d2bfe9 elementor-widget elementor-widget-text-editor\" data-id=\"9d2bfe9\" data-element_type=\"widget\" data-widget_type=\"text-editor.default\">\n\t\t\t\t<div class=\"elementor-widget-container\">\n\t\t\t\t\t\t\t\t\t<p>Nous sommes impatients de vous montrer comment notre plateforme peut profiter \u00e0 vos employ\u00e9s et aider \u00e0 r\u00e9duire le roulement du personnel, augmenter l&rsquo;engagement et am\u00e9liorer la productivit\u00e9 de votre organisation.<\/p>\n\t\t\t\t\t\t\t\t<\/div>\n\t\t\t\t<\/div>\n\t\t\t\t<div class=\"elementor-element elementor-element-5a1e059 contactform-wrapper elementor-widget__width-initial elementor-widget elementor-widget-html\" data-id=\"5a1e059\" data-element_type=\"widget\" data-widget_type=\"html.default\">\n\t\t\t\t<div class=\"elementor-widget-container\">\n\t\t\t\t\t<iframe data-src=\"https:\/\/go.payactiv.com\/l\/1056533\/2024-05-08\/98y5sx\" width=\"100%\" height=\"800\" type=\"text\/html\" frameborder=\"0\" allowtransparency=\"true\" style=\"border: 0\" src=\"data:image\/svg+xml;base64,PHN2ZyB3aWR0aD0iMSIgaGVpZ2h0PSIxIiB4bWxucz0iaHR0cDovL3d3dy53My5vcmcvMjAwMC9zdmciPjwvc3ZnPg==\" class=\"lazyload\" data-load-mode=\"1\"><\/iframe>\t\t\t\t<\/div>\n\t\t\t\t<\/div>\n\t\t\t\t<div class=\"elementor-element elementor-element-c4f063b contactform-wrapper elementor-hidden-desktop elementor-hidden-tablet elementor-hidden-mobile elementor-widget elementor-widget-html\" data-id=\"c4f063b\" data-element_type=\"widget\" data-widget_type=\"html.default\">\n\t\t\t\t<div class=\"elementor-widget-container\">\n\t\t\t\t\t<script>\nfunction clickSummer() {\n \n  var summer = document.getElementById('summer');\n  var winter = document.getElementById('winter');\n summer.classList.remove('hidden');\n   winter.classList.add('hidden');\n}\n\nfunction clickWinter() {\n \n  var summer = document.getElementById('summer');\n  var winter = document.getElementById('winter');\n summer.classList.add('hidden');\n  winter.classList.remove('hidden');\n}\n<\/script>\n\n<label id=\"checkWinterLabel\" for=\"checkWinter\">\n    <input id=\"checkWinter\" name=\"option\" checked type=\"radio\" onclick=\"clickWinter()\">\n Je veux en savoir plus sur votre produit\n<\/label>\n<br>\n<label id=\"checkSummerLabel\" for=\"checkSummer\">\n    <input id=\"checkSummer\" name=\"option\" type=\"radio\" onclick=\"clickSummer()\">\n J\u2019ai besoin d\u2019assistance avec mon compte UKG Wallet\n<\/label>\n\n\n<!-- For Winter -->\n<div id=\"winter\">\n <div class=\"paform-container\">\n<script charset=\"utf-8\" type=\"text\/javascript\" src=\"\/\/js.hsforms.net\/forms\/embed\/v2.js\"><\/script>\n<script>\n  hbspt.forms.create({\n    region: \"na1\",\n    portalId: \"6453361\",\n    formId: \"4e5b88ff-db98-467a-97e9-4f6c85cd4478\"\n  });\n<\/script>\n<\/div>\n\n<\/div>\n\n\n<!-- For Summer -->\n<div class=\"hidden\" id=\"summer\">\n<div style=\"display:flex; flex-direction:column; align-items:center; margin-top:20px;\">\n    <img decoding=\"async\" class=\"alignnone wp-image-10271 lazyload\" data-src=\"https:\/\/www.payactiv.com\/wp-content\/uploads\/2023\/02\/Help_Center.svg\" alt=\"Centre d'assistance\" width=\"114\" height=\"110\" src=\"data:image\/svg+xml;base64,PHN2ZyB3aWR0aD0iMSIgaGVpZ2h0PSIxIiB4bWxucz0iaHR0cDovL3d3dy53My5vcmcvMjAwMC9zdmciPjwvc3ZnPg==\" style=\"--smush-placeholder-width: 114px; --smush-placeholder-aspect-ratio: 114\/110;\">\n  <br>\n  <p style=\"text-align:center; margin:0px 0;\">\n Hmm, on dirait que vous recherchez un service client plut\u00f4t que notre \u00e9quipe des ventes. Rendez-vous \u00e0 notre centre d'assistance.\n  <\/p>\n  <br>\n  <a href=\"https:\/\/www.payactiv.ca\/fr\/ukg-wallet\/ukg-contacter-lassistance\/\">\n    <button class=\"takeme\" style=\"margin-top:0px; color: #FFF;\">M'y emmener<\/button>\n  <\/a>\n<\/div>\n\n\n&nbsp;\n\n&nbsp;\n<\/div>\n\n<style>\nbutton.takeme{ background-color: #0E5252;}\nbutton.takeme:hover{ background-color: #36BBA5;}\n\ninput[type=\"radio\"]#checkWinter,\ninput[type=\"radio\"]#checkSummer {\naccent-color: #005151;}\n\n.hidden{display:none;}\n\n.contactform-wrapper fieldset {\n    max-width: 600px;\n}\n.paform-container{\n    \n}\n.paform-container fieldset{\nmargin-top: 20px;}\n.paform-container .hs-input{\ndisplay: flex;\nflex-direction: row;\nalign-items: center;\njustify-content: center;\npadding: 11px 16px;\nwidth: 100%!important;\nheight: 60px;\nbackground: #F5F5F5;\nborder-radius: 8px;\nmargin: 2px 0;\nborder: 1px solid #0E5252;\nfont-style: normal;\nfont-weight: normal;\nfont-size: 16px;\nline-height: 22px;\ncolor: #576E8C;\n}\n.paform-container .hs-button{\ndisplay: flex;\nflex-direction: row;\njustify-content: center;\nalign-items: center;\npadding: 18px 45px;\nwidth: 227px;\nheight: 60px;\nbackground-color: #0E5252 !important;\nbox-shadow: 0px 4px 12px rgba(0, 0, 0, 0.1);\nborder-radius: 8px !important;\n\nmargin-top: 35px;\nmargin-bottom: 60px;\n\nfont-style: normal;\nfont-weight: bold;\nfont-size: 18px;\nline-height: 24px;\ntext-align: center;\ncolor: #FFFFFF;\n}\n.paform-container .hs-button:hover,.paform-container .hs-button:active{\n background-color: #36BBA5 !important;\n color: #FFFFFF;\n}\n\n.paform-container ul.hs-error-msgs{ padding-left: 0px; list-style: none;}\n\n@media only screen and (min-width: 768px) and (max-width: 960px) {\n \n}\n\n@media only screen and (max-width: 480px) {\n.paform-container .hs-button{\nwidth: 100%; \n}\n}\n<\/style>\t\t\t\t<\/div>\n\t\t\t\t<\/div>\n\t\t\t\t\t<\/div>\n\t\t<\/div>\n\t\t\t\t<div class=\"elementor-column elementor-col-50 elementor-inner-column elementor-element elementor-element-ce2699b\" data-id=\"ce2699b\" data-element_type=\"column\" data-settings=\"{&quot;background_background&quot;:&quot;classic&quot;}\">\n\t\t\t<div class=\"elementor-widget-wrap elementor-element-populated\">\n\t\t\t\t\t\t<div class=\"elementor-element elementor-element-509cba2 elementor-widget elementor-widget-heading\" data-id=\"509cba2\" data-element_type=\"widget\" data-widget_type=\"heading.default\">\n\t\t\t\t<div class=\"elementor-widget-container\">\n\t\t\t\t\t<h2 class=\"elementor-heading-title elementor-size-default\">Emplacement<\/h2>\t\t\t\t<\/div>\n\t\t\t\t<\/div>\n\t\t\t\t<div class=\"elementor-element elementor-element-8c39a22 elementor-widget elementor-widget-text-editor\" data-id=\"8c39a22\" data-element_type=\"widget\" data-widget_type=\"text-editor.default\">\n\t\t\t\t<div class=\"elementor-widget-container\">\n\t\t\t\t\t\t\t\t\t<div style=\"margin-bottom: 20px;\"><b>UKG Wallet<br \/><\/b>4145 N Service Road, Suite 200,<br \/>Burlington, ON 7L7 6A3<\/div>\n<div style=\"margin-bottom: 20px;\">ukgwalletsalesteam@payactiv.ca <\/div>\n\t\t\t\t\t\t\t\t<\/div>\n\t\t\t\t<\/div>\n\t\t\t\t\t<\/div>\n\t\t<\/div>\n\t\t\t\t\t<\/div>\n\t\t<\/section>\n\t\t\t\t\t<\/div>\n\t\t<\/div>\n\t\t\t\t\t<\/div>\n\t\t<\/section>\n\t\t\t\t<\/div>\n\t\t","protected":false},"excerpt":{"rendered":"<p>Contactez le service des ventes : Solutions UKG Wallet pour votre entreprise Parlez-nous de vous Nous sommes impatients de vous montrer comment notre plateforme peut profiter \u00e0 vos employ\u00e9s et aider \u00e0 r\u00e9duire le roulement du personnel, augmenter l&rsquo;engagement et am\u00e9liorer la productivit\u00e9 de votre organisation. Je veux en savoir plus sur votre produit J\u2019ai [&hellip;]<\/p>\n","protected":false},"author":2,"featured_media":1115,"parent":1144,"menu_order":0,"comment_status":"closed","ping_status":"closed","template":"","meta":{"footnotes":""},"class_list":["post-1155","page","type-page","status-publish","has-post-thumbnail","hentry"],"yoast_head":"<!-- This site is optimized with the Yoast SEO plugin v26.5 - https:\/\/yoast.com\/wordpress\/plugins\/seo\/ -->\n<title>Contactez UKG Wallet pour toute demande de renseignements sur les ventes et les solutions<\/title>\n<meta name=\"description\" content=\"Communiquez avec notre \u00e9quipe des ventes chez UKG Wallet. Explorez des solutions, demandez une d\u00e9monstration et b\u00e9n\u00e9ficiez d&#039;une assistance personnalis\u00e9e pour les besoins de votre entreprise. Cliquez pour en savoir plus.\" \/>\n<meta name=\"robots\" content=\"noindex, follow, max-snippet:-1, max-image-preview:large, max-video-preview:-1\" \/>\n<meta property=\"og:locale\" content=\"fr_FR\" \/>\n<meta property=\"og:type\" content=\"article\" \/>\n<meta property=\"og:title\" content=\"Contactez UKG Wallet pour toute demande de renseignements sur les ventes et les solutions\" \/>\n<meta property=\"og:description\" content=\"Communiquez avec notre \u00e9quipe des ventes chez UKG Wallet. Explorez des solutions, demandez une d\u00e9monstration et b\u00e9n\u00e9ficiez d&#039;une assistance personnalis\u00e9e pour les besoins de votre entreprise. Cliquez pour en savoir plus.\" \/>\n<meta property=\"og:url\" content=\"https:\/\/www.payactiv.ca\/fr\/ukg-wallet\/ukg-contactez-le-service-des-ventes\/\" \/>\n<meta property=\"og:site_name\" content=\"Payactiv Canada\" \/>\n<meta property=\"article:publisher\" content=\"https:\/\/www.facebook.com\/payactiv\/\" \/>\n<meta property=\"article:modified_time\" content=\"2024-06-17T04:57:17+00:00\" \/>\n<meta property=\"og:image\" content=\"https:\/\/www.payactiv.ca\/wp-content\/uploads\/2023\/09\/UKG_Contact_Sales.png\" \/>\n\t<meta property=\"og:image:width\" content=\"1200\" \/>\n\t<meta property=\"og:image:height\" content=\"628\" \/>\n\t<meta property=\"og:image:type\" content=\"image\/png\" \/>\n<meta name=\"twitter:card\" content=\"summary_large_image\" \/>\n<meta name=\"twitter:site\" content=\"@PayActiv\" \/>\n<meta name=\"twitter:label1\" content=\"Dur\u00e9e de lecture estim\u00e9e\" \/>\n\t<meta name=\"twitter:data1\" content=\"1 minute\" \/>\n<script type=\"application\/ld+json\" class=\"yoast-schema-graph\">{\"@context\":\"https:\/\/schema.org\",\"@graph\":[{\"@type\":\"WebPage\",\"@id\":\"https:\/\/www.payactiv.ca\/fr\/ukg-wallet\/ukg-contactez-le-service-des-ventes\/\",\"url\":\"https:\/\/www.payactiv.ca\/fr\/ukg-wallet\/ukg-contactez-le-service-des-ventes\/\",\"name\":\"Contactez UKG Wallet pour toute demande de renseignements sur les ventes et les solutions\",\"isPartOf\":{\"@id\":\"https:\/\/www.payactiv.ca\/fr\/#website\"},\"primaryImageOfPage\":{\"@id\":\"https:\/\/www.payactiv.ca\/fr\/ukg-wallet\/ukg-contactez-le-service-des-ventes\/#primaryimage\"},\"image\":{\"@id\":\"https:\/\/www.payactiv.ca\/fr\/ukg-wallet\/ukg-contactez-le-service-des-ventes\/#primaryimage\"},\"thumbnailUrl\":\"https:\/\/www.payactiv.ca\/wp-content\/uploads\/2023\/09\/UKG_Contact_Sales.png\",\"datePublished\":\"2023-08-11T18:13:22+00:00\",\"dateModified\":\"2024-06-17T04:57:17+00:00\",\"description\":\"Communiquez avec notre \u00e9quipe des ventes chez UKG Wallet. Explorez des solutions, demandez une d\u00e9monstration et b\u00e9n\u00e9ficiez d'une assistance personnalis\u00e9e pour les besoins de votre entreprise. Cliquez pour en savoir plus.\",\"breadcrumb\":{\"@id\":\"https:\/\/www.payactiv.ca\/fr\/ukg-wallet\/ukg-contactez-le-service-des-ventes\/#breadcrumb\"},\"inLanguage\":\"fr-FR\",\"potentialAction\":[{\"@type\":\"ReadAction\",\"target\":[\"https:\/\/www.payactiv.ca\/fr\/ukg-wallet\/ukg-contactez-le-service-des-ventes\/\"]}]},{\"@type\":\"ImageObject\",\"inLanguage\":\"fr-FR\",\"@id\":\"https:\/\/www.payactiv.ca\/fr\/ukg-wallet\/ukg-contactez-le-service-des-ventes\/#primaryimage\",\"url\":\"https:\/\/www.payactiv.ca\/wp-content\/uploads\/2023\/09\/UKG_Contact_Sales.png\",\"contentUrl\":\"https:\/\/www.payactiv.ca\/wp-content\/uploads\/2023\/09\/UKG_Contact_Sales.png\",\"width\":1200,\"height\":628},{\"@type\":\"BreadcrumbList\",\"@id\":\"https:\/\/www.payactiv.ca\/fr\/ukg-wallet\/ukg-contactez-le-service-des-ventes\/#breadcrumb\",\"itemListElement\":[{\"@type\":\"ListItem\",\"position\":1,\"name\":\"Home\",\"item\":\"https:\/\/www.payactiv.ca\/fr\/page-daccueil\/\"},{\"@type\":\"ListItem\",\"position\":2,\"name\":\"ukg-wallet\",\"item\":\"https:\/\/www.payactiv.ca\/fr\/ukg-wallet\/\"},{\"@type\":\"ListItem\",\"position\":3,\"name\":\"UKG &#8211; Contactez le service des ventes\"}]},{\"@type\":\"WebSite\",\"@id\":\"https:\/\/www.payactiv.ca\/fr\/#website\",\"url\":\"https:\/\/www.payactiv.ca\/fr\/\",\"name\":\"Payactiv Canada\",\"description\":\"Earned Wage Access Solutions and Financial Services\",\"publisher\":{\"@id\":\"https:\/\/www.payactiv.ca\/fr\/#organization\"},\"potentialAction\":[{\"@type\":\"SearchAction\",\"target\":{\"@type\":\"EntryPoint\",\"urlTemplate\":\"https:\/\/www.payactiv.ca\/fr\/?s={search_term_string}\"},\"query-input\":{\"@type\":\"PropertyValueSpecification\",\"valueRequired\":true,\"valueName\":\"search_term_string\"}}],\"inLanguage\":\"fr-FR\"},{\"@type\":\"Organization\",\"@id\":\"https:\/\/www.payactiv.ca\/fr\/#organization\",\"name\":\"Payactiv\",\"url\":\"https:\/\/www.payactiv.ca\/fr\/\",\"logo\":{\"@type\":\"ImageObject\",\"inLanguage\":\"fr-FR\",\"@id\":\"https:\/\/www.payactiv.ca\/fr\/#\/schema\/logo\/image\/\",\"url\":\"https:\/\/www.payactiv.ca\/wp-content\/uploads\/2023\/05\/cropped-Payactiv-logo-RGB_Blue.png\",\"contentUrl\":\"https:\/\/www.payactiv.ca\/wp-content\/uploads\/2023\/05\/cropped-Payactiv-logo-RGB_Blue.png\",\"width\":3808,\"height\":1541,\"caption\":\"Payactiv\"},\"image\":{\"@id\":\"https:\/\/www.payactiv.ca\/fr\/#\/schema\/logo\/image\/\"},\"sameAs\":[\"https:\/\/www.facebook.com\/payactiv\/\",\"https:\/\/x.com\/PayActiv\",\"https:\/\/www.linkedin.com\/company\/payactiv-inc-\",\"https:\/\/www.instagram.com\/payactiv\/\"]}]}<\/script>\n<!-- \/ Yoast SEO plugin. -->","yoast_head_json":{"title":"Contactez UKG Wallet pour toute demande de renseignements sur les ventes et les solutions","description":"Communiquez avec notre \u00e9quipe des ventes chez UKG Wallet. Explorez des solutions, demandez une d\u00e9monstration et b\u00e9n\u00e9ficiez d'une assistance personnalis\u00e9e pour les besoins de votre entreprise. Cliquez pour en savoir plus.","robots":{"index":"noindex","follow":"follow","max-snippet":"max-snippet:-1","max-image-preview":"max-image-preview:large","max-video-preview":"max-video-preview:-1"},"og_locale":"fr_FR","og_type":"article","og_title":"Contactez UKG Wallet pour toute demande de renseignements sur les ventes et les solutions","og_description":"Communiquez avec notre \u00e9quipe des ventes chez UKG Wallet. Explorez des solutions, demandez une d\u00e9monstration et b\u00e9n\u00e9ficiez d'une assistance personnalis\u00e9e pour les besoins de votre entreprise. Cliquez pour en savoir plus.","og_url":"https:\/\/www.payactiv.ca\/fr\/ukg-wallet\/ukg-contactez-le-service-des-ventes\/","og_site_name":"Payactiv Canada","article_publisher":"https:\/\/www.facebook.com\/payactiv\/","article_modified_time":"2024-06-17T04:57:17+00:00","og_image":[{"width":1200,"height":628,"url":"https:\/\/www.payactiv.ca\/wp-content\/uploads\/2023\/09\/UKG_Contact_Sales.png","type":"image\/png"}],"twitter_card":"summary_large_image","twitter_site":"@PayActiv","twitter_misc":{"Dur\u00e9e de lecture estim\u00e9e":"1 minute"},"schema":{"@context":"https:\/\/schema.org","@graph":[{"@type":"WebPage","@id":"https:\/\/www.payactiv.ca\/fr\/ukg-wallet\/ukg-contactez-le-service-des-ventes\/","url":"https:\/\/www.payactiv.ca\/fr\/ukg-wallet\/ukg-contactez-le-service-des-ventes\/","name":"Contactez UKG Wallet pour toute demande de renseignements sur les ventes et les solutions","isPartOf":{"@id":"https:\/\/www.payactiv.ca\/fr\/#website"},"primaryImageOfPage":{"@id":"https:\/\/www.payactiv.ca\/fr\/ukg-wallet\/ukg-contactez-le-service-des-ventes\/#primaryimage"},"image":{"@id":"https:\/\/www.payactiv.ca\/fr\/ukg-wallet\/ukg-contactez-le-service-des-ventes\/#primaryimage"},"thumbnailUrl":"https:\/\/www.payactiv.ca\/wp-content\/uploads\/2023\/09\/UKG_Contact_Sales.png","datePublished":"2023-08-11T18:13:22+00:00","dateModified":"2024-06-17T04:57:17+00:00","description":"Communiquez avec notre \u00e9quipe des ventes chez UKG Wallet. Explorez des solutions, demandez une d\u00e9monstration et b\u00e9n\u00e9ficiez d'une assistance personnalis\u00e9e pour les besoins de votre entreprise. Cliquez pour en savoir plus.","breadcrumb":{"@id":"https:\/\/www.payactiv.ca\/fr\/ukg-wallet\/ukg-contactez-le-service-des-ventes\/#breadcrumb"},"inLanguage":"fr-FR","potentialAction":[{"@type":"ReadAction","target":["https:\/\/www.payactiv.ca\/fr\/ukg-wallet\/ukg-contactez-le-service-des-ventes\/"]}]},{"@type":"ImageObject","inLanguage":"fr-FR","@id":"https:\/\/www.payactiv.ca\/fr\/ukg-wallet\/ukg-contactez-le-service-des-ventes\/#primaryimage","url":"https:\/\/www.payactiv.ca\/wp-content\/uploads\/2023\/09\/UKG_Contact_Sales.png","contentUrl":"https:\/\/www.payactiv.ca\/wp-content\/uploads\/2023\/09\/UKG_Contact_Sales.png","width":1200,"height":628},{"@type":"BreadcrumbList","@id":"https:\/\/www.payactiv.ca\/fr\/ukg-wallet\/ukg-contactez-le-service-des-ventes\/#breadcrumb","itemListElement":[{"@type":"ListItem","position":1,"name":"Home","item":"https:\/\/www.payactiv.ca\/fr\/page-daccueil\/"},{"@type":"ListItem","position":2,"name":"ukg-wallet","item":"https:\/\/www.payactiv.ca\/fr\/ukg-wallet\/"},{"@type":"ListItem","position":3,"name":"UKG &#8211; Contactez le service des ventes"}]},{"@type":"WebSite","@id":"https:\/\/www.payactiv.ca\/fr\/#website","url":"https:\/\/www.payactiv.ca\/fr\/","name":"Payactiv Canada","description":"Earned Wage Access Solutions and Financial Services","publisher":{"@id":"https:\/\/www.payactiv.ca\/fr\/#organization"},"potentialAction":[{"@type":"SearchAction","target":{"@type":"EntryPoint","urlTemplate":"https:\/\/www.payactiv.ca\/fr\/?s={search_term_string}"},"query-input":{"@type":"PropertyValueSpecification","valueRequired":true,"valueName":"search_term_string"}}],"inLanguage":"fr-FR"},{"@type":"Organization","@id":"https:\/\/www.payactiv.ca\/fr\/#organization","name":"Payactiv","url":"https:\/\/www.payactiv.ca\/fr\/","logo":{"@type":"ImageObject","inLanguage":"fr-FR","@id":"https:\/\/www.payactiv.ca\/fr\/#\/schema\/logo\/image\/","url":"https:\/\/www.payactiv.ca\/wp-content\/uploads\/2023\/05\/cropped-Payactiv-logo-RGB_Blue.png","contentUrl":"https:\/\/www.payactiv.ca\/wp-content\/uploads\/2023\/05\/cropped-Payactiv-logo-RGB_Blue.png","width":3808,"height":1541,"caption":"Payactiv"},"image":{"@id":"https:\/\/www.payactiv.ca\/fr\/#\/schema\/logo\/image\/"},"sameAs":["https:\/\/www.facebook.com\/payactiv\/","https:\/\/x.com\/PayActiv","https:\/\/www.linkedin.com\/company\/payactiv-inc-","https:\/\/www.instagram.com\/payactiv\/"]}]}},"_links":{"self":[{"href":"https:\/\/www.payactiv.ca\/fr\/wp-json\/wp\/v2\/pages\/1155","targetHints":{"allow":["GET"]}}],"collection":[{"href":"https:\/\/www.payactiv.ca\/fr\/wp-json\/wp\/v2\/pages"}],"about":[{"href":"https:\/\/www.payactiv.ca\/fr\/wp-json\/wp\/v2\/types\/page"}],"author":[{"embeddable":true,"href":"https:\/\/www.payactiv.ca\/fr\/wp-json\/wp\/v2\/users\/2"}],"replies":[{"embeddable":true,"href":"https:\/\/www.payactiv.ca\/fr\/wp-json\/wp\/v2\/comments?post=1155"}],"version-history":[{"count":0,"href":"https:\/\/www.payactiv.ca\/fr\/wp-json\/wp\/v2\/pages\/1155\/revisions"}],"up":[{"embeddable":true,"href":"https:\/\/www.payactiv.ca\/fr\/wp-json\/wp\/v2\/pages\/1144"}],"wp:featuredmedia":[{"embeddable":true,"href":"https:\/\/www.payactiv.ca\/fr\/wp-json\/wp\/v2\/media\/1115"}],"wp:attachment":[{"href":"https:\/\/www.payactiv.ca\/fr\/wp-json\/wp\/v2\/media?parent=1155"}],"curies":[{"name":"wp","href":"https:\/\/api.w.org\/{rel}","templated":true}]}}